{"id":60,"date":"2022-12-20T00:00:57","date_gmt":"2022-12-19T23:00:57","guid":{"rendered":"https:\/\/trampolin.sjovalla.se\/?page_id=60"},"modified":"2025-05-26T10:16:29","modified_gmt":"2025-05-26T09:16:29","slug":"trampolinhall-molnlyckefabriker","status":"publish","type":"page","link":"https:\/\/trampolin.sjovalla.se\/index.php\/om-oss\/trampolinhall-molnlyckefabriker\/","title":{"rendered":"Trampolinhall M\u00f6lnlyckefabriker"},"content":{"rendered":"\n<p>V\u00e5r tr\u00e4ning \u00e4r sedan h\u00f6sten 2021 f\u00f6rlagd i v\u00e5r helt nya trampolinhall.<\/p>\n\n\n\n<p>Hallen ligger i M\u00f6lnlyckefabriker med g\u00e5ngavst\u00e5nd fr\u00e5n centrala M\u00f6lnlycke.&nbsp;<\/p>\n\n\n\n<figure class=\"wp-block-image size-full\"><img loading=\"lazy\" decoding=\"async\" width=\"500\" height=\"350\" src=\"https:\/\/trampolin.sjovalla.se\/wp-content\/uploads\/2022\/12\/hallen.jpg\" alt=\"\" class=\"wp-image-105\" srcset=\"https:\/\/trampolin.sjovalla.se\/wp-content\/uploads\/2022\/12\/hallen.jpg 500w, https:\/\/trampolin.sjovalla.se\/wp-content\/uploads\/2022\/12\/hallen-300x210.jpg 300w\" sizes=\"auto, (max-width: 500px) 100vw, 500px\" \/><\/figure>\n\n\n\n<p>Uthyrning sker i dagsl\u00e4get endast till f\u00f6reningar med trampolin-licens.<br>F\u00f6rfr\u00e5gningar via mail till&nbsp;<a href=\"mailto:sacro.trampolin@gmail.com\">sacro.trampolin@gmail.com<\/a><\/p>\n\n\n\n<p><strong>Hitta hit:<\/strong>\u00a0Trampolinhallen ligger i M\u00f6lnlyckefabriker,\u00a0\u00a0Entr\u00e9 Mitt emot Food Factory,\u00a0<strong>Bruksgatan 19<\/strong>\u00a0 (F\u00f6lj korridor till trapphus, g\u00e5 1 trappa ned)  Entre i botten av P-huset. <strong>Kraftgr\u00e4nd 1<\/strong>.<\/p>\n\n\n\n<p><strong>Parkering<\/strong>: Gratisparkering finns vid Massetj\u00e4rn (5min g\u00e5ngv\u00e4g)&nbsp;<\/p>\n\n\n\n<p>Utefter <strong>Bruksgatan<\/strong> finns ett f\u00e5tal betal P-platser, alt i byggnadens&nbsp;<strong>&nbsp;P-hus<\/strong> med infart via Kraftgr\u00e4nd 1 (entr\u00e9 till hallen i bottenplan av P-hus).<br><\/p>\n\n\n\n<figure class=\"wp-block-image size-large\"><img loading=\"lazy\" decoding=\"async\" width=\"1024\" height=\"934\" src=\"https:\/\/trampolin.sjovalla.se\/wp-content\/uploads\/2024\/01\/IMG_2773-1-1024x934.jpeg\" alt=\"\" class=\"wp-image-507\" srcset=\"https:\/\/trampolin.sjovalla.se\/wp-content\/uploads\/2024\/01\/IMG_2773-1-1024x934.jpeg 1024w, https:\/\/trampolin.sjovalla.se\/wp-content\/uploads\/2024\/01\/IMG_2773-1-300x274.jpeg 300w, https:\/\/trampolin.sjovalla.se\/wp-content\/uploads\/2024\/01\/IMG_2773-1-768x701.jpeg 768w, https:\/\/trampolin.sjovalla.se\/wp-content\/uploads\/2024\/01\/IMG_2773-1-839x765.jpeg 839w, https:\/\/trampolin.sjovalla.se\/wp-content\/uploads\/2024\/01\/IMG_2773-1.jpeg 1118w\" sizes=\"auto, (max-width: 1024px) 100vw, 1024px\" \/><\/figure>\n\n\n\n<p><\/p>\n\n\n\n<div class=\"wp-block-group is-content-justification-left is-nowrap is-layout-flex wp-container-core-group-is-layout-f56a869c wp-block-group-is-layout-flex\">\n<figure class=\"wp-block-image size-full\"><img loading=\"lazy\" decoding=\"async\" width=\"450\" height=\"577\" src=\"https:\/\/trampolin.sjovalla.se\/wp-content\/uploads\/2022\/12\/grophopp2.jpg\" alt=\"\" class=\"wp-image-107\" srcset=\"https:\/\/trampolin.sjovalla.se\/wp-content\/uploads\/2022\/12\/grophopp2.jpg 450w, https:\/\/trampolin.sjovalla.se\/wp-content\/uploads\/2022\/12\/grophopp2-234x300.jpg 234w\" sizes=\"auto, (max-width: 450px) 100vw, 450px\" \/><\/figure>\n<\/div>\n","protected":false},"excerpt":{"rendered":"<p>V\u00e5r tr\u00e4ning \u00e4r sedan h\u00f6sten 2021 f\u00f6rlagd i v\u00e5r helt nya trampolinhall. Hallen ligger i M\u00f6lnlyckefabriker med g\u00e5ngavst\u00e5nd fr\u00e5n centrala [&hellip;]<\/p>\n","protected":false},"author":1,"featured_media":0,"parent":43,"menu_order":0,"comment_status":"closed","ping_status":"closed","template":"","meta":{"footnotes":""},"class_list":["post-60","page","type-page","status-publish","hentry"],"_links":{"self":[{"href":"https:\/\/trampolin.sjovalla.se\/index.php\/wp-json\/wp\/v2\/pages\/60","targetHints":{"allow":["GET"]}}],"collection":[{"href":"https:\/\/trampolin.sjovalla.se\/index.php\/wp-json\/wp\/v2\/pages"}],"about":[{"href":"https:\/\/trampolin.sjovalla.se\/index.php\/wp-json\/wp\/v2\/types\/page"}],"author":[{"embeddable":true,"href":"https:\/\/trampolin.sjovalla.se\/index.php\/wp-json\/wp\/v2\/users\/1"}],"replies":[{"embeddable":true,"href":"https:\/\/trampolin.sjovalla.se\/index.php\/wp-json\/wp\/v2\/comments?post=60"}],"version-history":[{"count":11,"href":"https:\/\/trampolin.sjovalla.se\/index.php\/wp-json\/wp\/v2\/pages\/60\/revisions"}],"predecessor-version":[{"id":967,"href":"https:\/\/trampolin.sjovalla.se\/index.php\/wp-json\/wp\/v2\/pages\/60\/revisions\/967"}],"up":[{"embeddable":true,"href":"https:\/\/trampolin.sjovalla.se\/index.php\/wp-json\/wp\/v2\/pages\/43"}],"wp:attachment":[{"href":"https:\/\/trampolin.sjovalla.se\/index.php\/wp-json\/wp\/v2\/media?parent=60"}],"curies":[{"name":"wp","href":"https:\/\/api.w.org\/{rel}","templated":true}]}}