{"id":49,"date":"2022-12-19T23:54:51","date_gmt":"2022-12-19T22:54:51","guid":{"rendered":"https:\/\/trampolin.sjovalla.se\/?page_id=49"},"modified":"2025-03-23T12:07:44","modified_gmt":"2025-03-23T11:07:44","slug":"klader","status":"publish","type":"page","link":"https:\/\/trampolin.sjovalla.se\/index.php\/for-medlemmar\/klader\/","title":{"rendered":"Kl\u00e4der"},"content":{"rendered":"\n<p>(T\u00e4vlings-\/f\u00f6reningsdr\u00e4kter \u00e4r subventionerade och best\u00e4lls via klubben)<\/p>\n\n\n\n<p><strong>T-shirt med klubbtryck,<\/strong>&nbsp;ni tar med en SVART t-shirt\/linne som ni trivs i,s\u00e4tter p\u00e5 lapp med det namn som ska tryckas och l\u00e4mnar till din ledare. (t\u00e4nk p\u00e5 att lappen sitter ordentligt s\u00e5 den inte kommer bort) Klubben st\u00e5r f\u00f6r tryckkostnaden.<\/p>\n\n\n\n<p><strong>Hoodie:<\/strong>\u00a0Best\u00e4lls via klubben, <strong>585kr<\/strong> inkl klubbtryck. <strong>   !<\/strong><em>Det g\u00e5r numera ocks\u00e5 bra att k\u00f6pa en svart hoodie (med utbytbara sn\u00f6ren) och l\u00e4mna in f\u00f6r tryck. <\/em><\/p>\n\n\n\n<p><\/p>\n\n\n\n<p><strong>Defileringsoverall:<\/strong>&nbsp;Finns i unisex och dammodell, pris \u00e4r subventionerat och best\u00e4lls via klubben. Jacka <strong>350 kr<\/strong> Byxa <strong>250 kr<\/strong> ink tryck.<\/p>\n\n\n\n<p><strong>T\u00e4vlingsdr\u00e4kt :<\/strong>&nbsp;F\u00e5r man l\u00e5na&nbsp;de f\u00f6rsta t\u00e4vlingarna (av&nbsp;vad som finns tillg\u00e4ngligt av \u00e4ldre modeller) d\u00e4refter beh\u00f6ver man k\u00f6pa en egen. (Best\u00e4lls via klubben) <\/p>\n\n\n\n<figure class=\"wp-block-image size-large\"><img loading=\"lazy\" decoding=\"async\" width=\"881\" height=\"1024\" src=\"https:\/\/trampolin.sjovalla.se\/wp-content\/uploads\/2025\/03\/IMG_1564-881x1024.jpeg\" alt=\"\" class=\"wp-image-846\" srcset=\"https:\/\/trampolin.sjovalla.se\/wp-content\/uploads\/2025\/03\/IMG_1564-881x1024.jpeg 881w, https:\/\/trampolin.sjovalla.se\/wp-content\/uploads\/2025\/03\/IMG_1564-258x300.jpeg 258w, https:\/\/trampolin.sjovalla.se\/wp-content\/uploads\/2025\/03\/IMG_1564-768x892.jpeg 768w, https:\/\/trampolin.sjovalla.se\/wp-content\/uploads\/2025\/03\/IMG_1564-658x765.jpeg 658w, https:\/\/trampolin.sjovalla.se\/wp-content\/uploads\/2025\/03\/IMG_1564.jpeg 1125w\" sizes=\"auto, (max-width: 881px) 100vw, 881px\" \/><\/figure>\n\n\n\n<figure class=\"wp-block-image size-large\"><img loading=\"lazy\" decoding=\"async\" width=\"1024\" height=\"941\" src=\"https:\/\/trampolin.sjovalla.se\/wp-content\/uploads\/2025\/03\/IMG_1572-1024x941.jpeg\" alt=\"\" class=\"wp-image-853\" srcset=\"https:\/\/trampolin.sjovalla.se\/wp-content\/uploads\/2025\/03\/IMG_1572-1024x941.jpeg 1024w, https:\/\/trampolin.sjovalla.se\/wp-content\/uploads\/2025\/03\/IMG_1572-300x276.jpeg 300w, https:\/\/trampolin.sjovalla.se\/wp-content\/uploads\/2025\/03\/IMG_1572-768x706.jpeg 768w, https:\/\/trampolin.sjovalla.se\/wp-content\/uploads\/2025\/03\/IMG_1572-832x765.jpeg 832w, https:\/\/trampolin.sjovalla.se\/wp-content\/uploads\/2025\/03\/IMG_1572.jpeg 1125w\" sizes=\"auto, (max-width: 1024px) 100vw, 1024px\" \/><\/figure>\n\n\n\n<div class=\"wp-block-group is-content-justification-center is-layout-flex wp-container-core-group-is-layout-64b26803 wp-block-group-is-layout-flex\">\n<figure class=\"wp-block-image\"><img decoding=\"async\" src=\"https:\/\/www3.idrottonline.se\/contentassets\/7bcfdcb5e83b47669432c26211e5b8a3\/klader.jpg?w=500&amp;h=581\" alt=\"\"\/><\/figure>\n\n\n\n<figure class=\"wp-block-image size-full is-resized\"><img loading=\"lazy\" decoding=\"async\" width=\"457\" height=\"240\" src=\"https:\/\/trampolin.sjovalla.se\/wp-content\/uploads\/2022\/12\/verasport.png\" alt=\"\" class=\"wp-image-50\" style=\"width:264px;height:139px\" srcset=\"https:\/\/trampolin.sjovalla.se\/wp-content\/uploads\/2022\/12\/verasport.png 457w, https:\/\/trampolin.sjovalla.se\/wp-content\/uploads\/2022\/12\/verasport-300x158.png 300w\" sizes=\"auto, (max-width: 457px) 100vw, 457px\" \/><\/figure>\n<\/div>\n\n\n\n<p><a href=\"https:\/\/www.verasport.se\/foreningswebshoppar\/sjovalla-fk\/?6742501=g-name-a-48-1-filter:JTdCJTIyZmlsdGVyJTIyOiU1QiU1RCwlMjJwcmljZSUyMjolN0IlMjJtaW4lMjI6MCwlMjJtYXglMjI6OTk5OTk5OTk5JTdEJTdE\" target=\"_blank\" rel=\"noreferrer noopener\">&nbsp;<\/a><\/p>\n\n\n\n<p><a rel=\"noreferrer noopener\" href=\"https:\/\/www.verasport.se\/foreningswebshoppar\/sjovalla-fk\/?6742501=g-name-a-48-1-filter:JTdCJTIyZmlsdGVyJTIyOiU1QiU1RCwlMjJwcmljZSUyMjolN0IlMjJtaW4lMjI6MCwlMjJtYXglMjI6OTk5OTk5OTk5JTdEJTdE\" target=\"_blank\"><\/a><strong>Sj\u00f6valla FK Sacro har ett avtal med Vera Sport som ger 10 % rabatt <\/strong><\/p>\n\n\n\n<p><strong>F\u00f6r att komma till hemsidan klicka&nbsp;<a href=\"https:\/\/www.verasport.se\/foreningswebshoppar\/sjovalla-fk\/?6742501=g-name-a-48-1-filter:JTdCJTIyZmlsdGVyJTIyOiU1QiU1RCwlMjJwcmljZSUyMjolN0IlMjJtaW4lMjI6MCwlMjJtYXglMjI6OTk5OTk5OTk5JTdEJTdE\">h\u00e4r<\/a><\/strong><\/p>\n\n\n\n<p><strong>Men gl\u00f6m inte att registera dig f\u00f6rst<\/strong><\/p>\n\n\n\n<p>(T\u00e4vlingsdr\u00e4kten \u00e4r subventionerad och best\u00e4lls via klubben)<\/p>\n\n\n\n<p>F\u00f6r att handla av \u00f6vrigt sortiment med f\u00f6reningsrabatt 10% Sj\u00f6valla g\u00f6r du enlig nedan:<\/p>\n\n\n\n<ol style=\"margin-top:var(--wp--preset--spacing--30);margin-right:var(--wp--preset--spacing--30);margin-bottom:var(--wp--preset--spacing--30);margin-left:var(--wp--preset--spacing--30)\" class=\"wp-block-list\">\n<li>\u00d6ppna hemsidan Vera Sports webshop&nbsp;<a rel=\"noreferrer noopener\" href=\"https:\/\/www.verasport.se\/\" target=\"_blank\">https:\/\/www.verasport.se<\/a><\/li>\n\n\n\n<li>Klicka p\u00e5 &#8221;Skapa konto&#8221; uppe till h\u00f6ger.<\/li>\n\n\n\n<li>Klicka i &#8221;Jag vill skapa ny kundprofil&#8221;<\/li>\n\n\n\n<li>Fyll i alla uppgifter med r\u00f6dmarkerad stj\u00e4rna.<\/li>\n\n\n\n<li>Avsluta med att klicka p\u00e5 spara.<\/li>\n\n\n\n<li>N\u00e4r du \u00e4r klar med registreringen maila till Vera Sport (<a href=\"mailto:info@verasport.se\">info@verasport.se<\/a>) att du har skapat en kundprofil s\u00e5 kopplar vi dig till Sj\u00f6valla FK.<\/li>\n\n\n\n<li>N\u00e4r ditt konto \u00e4r kopplat till Sj\u00f6valla FK f\u00e5r du ett bekr\u00e4ftelsemail att du kan b\u00f6rja handla med f\u00f6reningsrabatt.<\/li>\n<\/ol>\n\n\n\n<p><strong>B\u00f6rja handla med f\u00f6reningsrabatt<\/strong><\/p>\n\n\n\n<p>N\u00e4r du vill b\u00f6rja handla klickar du p\u00e5 &#8221;Logga in&#8221; h\u00f6gst upp till h\u00f6ger.<br>Din e-postadress \u00e4r ditt anv\u00e4ndarnamn, och det l\u00f6senord du valde n\u00e4r du skapade kontot anv\u00e4nder du nu som l\u00f6senord.<\/p>\n\n\n\n<p>Nu kan du handla precis som vanligt och de priser du ser i webshopen \u00e4r efter din rabatt.<br>Du ser \u00e4ven priserna p\u00e5 Sj\u00f6valla FKs-profilprodukter och kan best\u00e4lla dem.<\/p>\n\n\n\n<p>Observera best\u00e4llningsdatumen s\u00e5 att du f\u00e5r dina varor till \u00f6nskat datum.<\/p>\n\n\n\n<p><strong>Betalningsvillkor<\/strong><\/p>\n\n\n\n<p>Kontant vid avh\u00e4mtning i Vera Sports showroom i Sp\u00e5nga.<\/p>\n\n\n\n<p>Direktbetalning med kort eller Klarna<\/p>\n\n\n\n<p>Delbetalning Klarna \u2013 du kan v\u00e4lja att dela upp din betalning 3 \u2013 24 m\u00e5nader enligt information i webshopen.<\/p>\n\n\n\n<p><br><strong>Rabatt p\u00e5 t\u00e4vlingar<\/strong><br>Rabatten g\u00e4ller \u00e4ven p\u00e5 de t\u00e4vlingar som Vera Sport medverkar p\u00e5 med monter, gl\u00f6m inte att s\u00e4ga att ni tillh\u00f6r Sj\u00f6valla FK f\u00f6r att erh\u00e5lla 10% rabatt<\/p>\n","protected":false},"excerpt":{"rendered":"<p>(T\u00e4vlings-\/f\u00f6reningsdr\u00e4kter \u00e4r subventionerade och best\u00e4lls via klubben) T-shirt med klubbtryck,&nbsp;ni tar med en SVART t-shirt\/linne som ni trivs i,s\u00e4tter p\u00e5 [&hellip;]<\/p>\n","protected":false},"author":1,"featured_media":0,"parent":47,"menu_order":1,"comment_status":"closed","ping_status":"closed","template":"","meta":{"footnotes":""},"class_list":["post-49","page","type-page","status-publish","hentry"],"_links":{"self":[{"href":"https:\/\/trampolin.sjovalla.se\/index.php\/wp-json\/wp\/v2\/pages\/49","targetHints":{"allow":["GET"]}}],"collection":[{"href":"https:\/\/trampolin.sjovalla.se\/index.php\/wp-json\/wp\/v2\/pages"}],"about":[{"href":"https:\/\/trampolin.sjovalla.se\/index.php\/wp-json\/wp\/v2\/types\/page"}],"author":[{"embeddable":true,"href":"https:\/\/trampolin.sjovalla.se\/index.php\/wp-json\/wp\/v2\/users\/1"}],"replies":[{"embeddable":true,"href":"https:\/\/trampolin.sjovalla.se\/index.php\/wp-json\/wp\/v2\/comments?post=49"}],"version-history":[{"count":16,"href":"https:\/\/trampolin.sjovalla.se\/index.php\/wp-json\/wp\/v2\/pages\/49\/revisions"}],"predecessor-version":[{"id":861,"href":"https:\/\/trampolin.sjovalla.se\/index.php\/wp-json\/wp\/v2\/pages\/49\/revisions\/861"}],"up":[{"embeddable":true,"href":"https:\/\/trampolin.sjovalla.se\/index.php\/wp-json\/wp\/v2\/pages\/47"}],"wp:attachment":[{"href":"https:\/\/trampolin.sjovalla.se\/index.php\/wp-json\/wp\/v2\/media?parent=49"}],"curies":[{"name":"wp","href":"https:\/\/api.w.org\/{rel}","templated":true}]}}