{"id":2,"date":"2022-12-19T19:14:11","date_gmt":"2022-12-19T18:14:11","guid":{"rendered":"https:\/\/trampolin.sjovalla.se\/?page_id=2"},"modified":"2026-04-20T12:50:32","modified_gmt":"2026-04-20T11:50:32","slug":"sjovalla-sacro","status":"publish","type":"page","link":"https:\/\/trampolin.sjovalla.se\/","title":{"rendered":"Sj\u00f6valla FK Trampolin Sacro"},"content":{"rendered":"\n<p> SACRO \u00e4r en sektion i Sj\u00f6valla Frisksportklubb och st\u00e5r f\u00f6r&nbsp;<strong>S<\/strong>j\u00f6vallas&nbsp;<strong>acro<\/strong>bater.<br> Vi har tr\u00e4ningsgrupper inom gymnastikgrenen trampolin, fr\u00e5n nyb\u00f6rjare upp till elitniv\u00e5. <br> Fr\u00e5n h\u00f6sten 2021 h\u00e5ller vi till i v\u00e5r nybyggda hall i M\u00f6lnlycke fabriker. <br><strong><a href=\"https:\/\/trampolin.sjovalla.se\/index.php\/category\/nyheter\/\">[ NYHETER ] <\/a><\/strong><\/p>\n\n\n\n<figure class=\"wp-block-image size-full\"><img loading=\"lazy\" decoding=\"async\" width=\"1280\" height=\"1846\" src=\"https:\/\/trampolin.sjovalla.se\/wp-content\/uploads\/2026\/04\/IMG_1310.jpeg\" alt=\"\" class=\"wp-image-1465\" srcset=\"https:\/\/trampolin.sjovalla.se\/wp-content\/uploads\/2026\/04\/IMG_1310.jpeg 1280w, https:\/\/trampolin.sjovalla.se\/wp-content\/uploads\/2026\/04\/IMG_1310-208x300.jpeg 208w, https:\/\/trampolin.sjovalla.se\/wp-content\/uploads\/2026\/04\/IMG_1310-710x1024.jpeg 710w, https:\/\/trampolin.sjovalla.se\/wp-content\/uploads\/2026\/04\/IMG_1310-768x1108.jpeg 768w, https:\/\/trampolin.sjovalla.se\/wp-content\/uploads\/2026\/04\/IMG_1310-1065x1536.jpeg 1065w, https:\/\/trampolin.sjovalla.se\/wp-content\/uploads\/2026\/04\/IMG_1310-530x765.jpeg 530w\" sizes=\"auto, (max-width: 1280px) 100vw, 1280px\" \/><\/figure>\n\n\n\n<div class=\"wp-block-columns is-layout-flex wp-container-core-columns-is-layout-9d6595d7 wp-block-columns-is-layout-flex\">\n<div class=\"wp-block-column is-layout-flow wp-block-column-is-layout-flow\">\n<div class=\"wp-block-group has-background-background-color has-background is-content-justification-center is-nowrap is-layout-flex wp-container-core-group-is-layout-431dd6bb wp-block-group-is-layout-flex\" style=\"border-radius:3px;margin-top:var(--wp--preset--spacing--30);margin-bottom:var(--wp--preset--spacing--30);padding-top:var(--wp--preset--spacing--30);padding-right:var(--wp--preset--spacing--30);padding-bottom:var(--wp--preset--spacing--30);padding-left:var(--wp--preset--spacing--30)\">\n<div class=\"wp-block-buttons is-layout-flex wp-block-buttons-is-layout-flex\">\n<div class=\"wp-block-button\"><a class=\"wp-block-button__link wp-element-button\" href=\"https:\/\/trampolin.sjovalla.se\/index.php\/om-oss\/sacro\/\">Trampolin<\/a><\/div>\n\n\n\n<div class=\"wp-block-button\"><a class=\"wp-block-button__link wp-element-button\" href=\"https:\/\/trampolin.sjovalla.se\/index.php\/traningsgrupper\/\">Tr\u00e4ningsgrupper<\/a><\/div>\n\n\n\n<div class=\"wp-block-button\"><a class=\"wp-block-button__link wp-element-button\" href=\"https:\/\/trampolin.sjovalla.se\/index.php\/om-oss\/trampolinhall-molnlyckefabriker\/\">Trampolinhall<\/a><\/div>\n\n\n\n<div class=\"wp-block-button\"><a class=\"wp-block-button__link wp-element-button\" href=\"https:\/\/trampolin.sjovalla.se\/index.php\/kontakta-oss\/\">Kontakta oss<\/a><\/div>\n\n\n\n<div class=\"wp-block-button\"><a class=\"wp-block-button__link wp-element-button\" href=\"https:\/\/trampolin.sjovalla.se\/index.php\/2025\/08\/30\/nyhet-oppen-traning\/\"><mark style=\"background-color:rgba(0, 0, 0, 0)\" class=\"has-inline-color has-sfkyellow-color\"><strong>\u00d6PPEN allm\u00e4n tr\u00e4ning<\/strong><\/mark><\/a><\/div>\n<\/div>\n<\/div>\n\n\n\n<p><\/p>\n<\/div>\n<\/div>\n\n\n\n<div class=\"wp-block-columns is-layout-flex wp-container-core-columns-is-layout-9d6595d7 wp-block-columns-is-layout-flex\">\n<div class=\"wp-block-column is-layout-flow wp-block-column-is-layout-flow\">\n<p><strong>SENASTE NYTT FR\u00c5N SACRO<\/strong><\/p>\n\n\n<ul class=\"wp-block-latest-posts__list has-dates wp-block-latest-posts\"><li><a class=\"wp-block-latest-posts__post-title\" href=\"https:\/\/trampolin.sjovalla.se\/index.php\/2026\/04\/20\/regionstavling-vanerhoppet-i-lidkoping\/\">Regionst\u00e4vling V\u00e4nerhoppet i Lidk\u00f6ping<\/a><time datetime=\"2026-04-20T12:57:19+01:00\" class=\"wp-block-latest-posts__post-date\">2026-04-20<\/time><div class=\"wp-block-latest-posts__post-excerpt\">Vi \u00e4r stolta \u00f6ver ett fint g\u00e4ng ungdomar som bes\u00f6kte Levo TK i Lidk\u00f6ping, m\u00e5nga\u2026 <a class=\"wp-block-latest-posts__read-more\" href=\"https:\/\/trampolin.sjovalla.se\/index.php\/2026\/04\/20\/regionstavling-vanerhoppet-i-lidkoping\/\" rel=\"noopener noreferrer\">L\u00e4s mer<span class=\"screen-reader-text\">: Regionst\u00e4vling V\u00e4nerhoppet i Lidk\u00f6ping<\/span><\/a><\/div><\/li>\n<li><a class=\"wp-block-latest-posts__post-title\" href=\"https:\/\/trampolin.sjovalla.se\/index.php\/2026\/03\/27\/arets-forsta-svenska-cup\/\">\u00c5rets f\u00f6rsta Svenska Cup<\/a><time datetime=\"2026-03-27T17:09:02+01:00\" class=\"wp-block-latest-posts__post-date\">2026-03-27<\/time><div class=\"wp-block-latest-posts__post-excerpt\">21-22 mars gick \u00e5rets f\u00f6rsta Svenska cup i Upplands V\u00e4sby.Sacro hade med ett fantastiskt g\u00e4ng\u2026 <a class=\"wp-block-latest-posts__read-more\" href=\"https:\/\/trampolin.sjovalla.se\/index.php\/2026\/03\/27\/arets-forsta-svenska-cup\/\" rel=\"noopener noreferrer\">L\u00e4s mer<span class=\"screen-reader-text\">: \u00c5rets f\u00f6rsta Svenska Cup<\/span><\/a><\/div><\/li>\n<li><a class=\"wp-block-latest-posts__post-title\" href=\"https:\/\/trampolin.sjovalla.se\/index.php\/2026\/02\/03\/fritidskortet\/\">Fritidskortet<\/a><time datetime=\"2026-02-03T10:59:06+01:00\" class=\"wp-block-latest-posts__post-date\">2026-02-03<\/time><div class=\"wp-block-latest-posts__post-excerpt\">Inf\u00f6r v\u00e5rens fakturering vill vi informera att Sj\u00f6valla FK i \u00e5r \u00e4r anslutna till\u00a0 Fritidskortet.\u2026 <a class=\"wp-block-latest-posts__read-more\" href=\"https:\/\/trampolin.sjovalla.se\/index.php\/2026\/02\/03\/fritidskortet\/\" rel=\"noopener noreferrer\">L\u00e4s mer<span class=\"screen-reader-text\">: Fritidskortet<\/span><\/a><\/div><\/li>\n<li><a class=\"wp-block-latest-posts__post-title\" href=\"https:\/\/trampolin.sjovalla.se\/index.php\/2026\/01\/22\/hugo-uttagen-till-em\/\">Hugo uttagen till EM<\/a><time datetime=\"2026-01-22T21:58:04+01:00\" class=\"wp-block-latest-posts__post-date\">2026-01-22<\/time><div class=\"wp-block-latest-posts__post-excerpt\">Vi kan nu presentera att Hugo \u00e4r uttagen att representera Sverige i DMT i herrklassen\u2026 <a class=\"wp-block-latest-posts__read-more\" href=\"https:\/\/trampolin.sjovalla.se\/index.php\/2026\/01\/22\/hugo-uttagen-till-em\/\" rel=\"noopener noreferrer\">L\u00e4s mer<span class=\"screen-reader-text\">: Hugo uttagen till EM<\/span><\/a><\/div><\/li>\n<li><a class=\"wp-block-latest-posts__post-title\" href=\"https:\/\/trampolin.sjovalla.se\/index.php\/2025\/12\/14\/hugo-uttagen-i-seniorlandslaget-2026\/\">Hugo uttagen i seniorlandslaget 2026<\/a><time datetime=\"2025-12-14T21:27:18+01:00\" class=\"wp-block-latest-posts__post-date\">2025-12-14<\/time><div class=\"wp-block-latest-posts__post-excerpt\">Vi kan med gl\u00e4dje och stolthet meddela att Sacro\u2019s hoppare Hugo Fjelkner \u00e4r uttagen till\u2026 <a class=\"wp-block-latest-posts__read-more\" href=\"https:\/\/trampolin.sjovalla.se\/index.php\/2025\/12\/14\/hugo-uttagen-i-seniorlandslaget-2026\/\" rel=\"noopener noreferrer\">L\u00e4s mer<span class=\"screen-reader-text\">: Hugo uttagen i seniorlandslaget 2026<\/span><\/a><\/div><\/li>\n<\/ul><\/div>\n<\/div>\n\n\n\n<p class=\"has-text-align-center\"><\/p>\n\n\n\n<p><\/p>\n","protected":false},"excerpt":{"rendered":"<p>SACRO \u00e4r en sektion i Sj\u00f6valla Frisksportklubb och st\u00e5r f\u00f6r&nbsp;Sj\u00f6vallas&nbsp;acrobater. Vi har tr\u00e4ningsgrupper inom gymnastikgrenen trampolin, fr\u00e5n nyb\u00f6rjare upp till [&hellip;]<\/p>\n","protected":false},"author":1,"featured_media":0,"parent":0,"menu_order":0,"comment_status":"closed","ping_status":"closed","template":"navigation","meta":{"footnotes":""},"class_list":["post-2","page","type-page","status-publish","hentry"],"_links":{"self":[{"href":"https:\/\/trampolin.sjovalla.se\/index.php\/wp-json\/wp\/v2\/pages\/2","targetHints":{"allow":["GET"]}}],"collection":[{"href":"https:\/\/trampolin.sjovalla.se\/index.php\/wp-json\/wp\/v2\/pages"}],"about":[{"href":"https:\/\/trampolin.sjovalla.se\/index.php\/wp-json\/wp\/v2\/types\/page"}],"author":[{"embeddable":true,"href":"https:\/\/trampolin.sjovalla.se\/index.php\/wp-json\/wp\/v2\/users\/1"}],"replies":[{"embeddable":true,"href":"https:\/\/trampolin.sjovalla.se\/index.php\/wp-json\/wp\/v2\/comments?post=2"}],"version-history":[{"count":124,"href":"https:\/\/trampolin.sjovalla.se\/index.php\/wp-json\/wp\/v2\/pages\/2\/revisions"}],"predecessor-version":[{"id":1466,"href":"https:\/\/trampolin.sjovalla.se\/index.php\/wp-json\/wp\/v2\/pages\/2\/revisions\/1466"}],"wp:attachment":[{"href":"https:\/\/trampolin.sjovalla.se\/index.php\/wp-json\/wp\/v2\/media?parent=2"}],"curies":[{"name":"wp","href":"https:\/\/api.w.org\/{rel}","templated":true}]}}